{"id":730,"date":"2021-06-29T11:47:34","date_gmt":"2021-06-29T11:47:34","guid":{"rendered":"http:\/\/fohowterapia.hu\/?page_id=730"},"modified":"2021-06-29T13:14:00","modified_gmt":"2021-06-29T13:14:00","slug":"tudastar","status":"publish","type":"page","link":"https:\/\/fohowterapia.hu\/index.php\/tudastar\/","title":{"rendered":"Tud\u00e1st\u00e1r"},"content":{"rendered":"\t\t<div data-elementor-type=\"wp-post\" data-elementor-id=\"730\" class=\"elementor elementor-730\" data-elementor-post-type=\"page\">\n\t\t\t\t\t\t<section class=\"elementor-section elementor-top-section elementor-element elementor-element-3398ff5 elementor-section-boxed elementor-section-height-default elementor-section-height-default\" data-id=\"3398ff5\" data-element_type=\"section\">\n\t\t\t\t\t\t<div class=\"elementor-container elementor-column-gap-default\">\n\t\t\t\t\t<div class=\"elementor-column elementor-col-50 elementor-top-column elementor-element elementor-element-f57be54\" data-id=\"f57be54\" data-element_type=\"column\">\n\t\t\t<div class=\"elementor-widget-wrap elementor-element-populated\">\n\t\t\t\t\t\t<div class=\"elementor-element elementor-element-6bf072d elementor-position-top elementor-widget elementor-widget-image-box\" data-id=\"6bf072d\" data-element_type=\"widget\" data-widget_type=\"image-box.default\">\n\t\t\t\t<div class=\"elementor-widget-container\">\n\t\t\t\t\t<div class=\"elementor-image-box-wrapper\"><figure class=\"elementor-image-box-img\"><a href=\"https:\/\/fohowterapia.hu\/index.php\/cikkek\/\" tabindex=\"-1\"><img fetchpriority=\"high\" decoding=\"async\" width=\"1280\" height=\"1102\" src=\"https:\/\/fohowterapia.hu\/wp-content\/uploads\/2021\/06\/newspaper-article-journal-154444.png\" class=\"attachment-full size-full wp-image-758\" alt=\"newspaper, article, journal-154444.jpg\" srcset=\"https:\/\/fohowterapia.hu\/wp-content\/uploads\/2021\/06\/newspaper-article-journal-154444.png 1280w, https:\/\/fohowterapia.hu\/wp-content\/uploads\/2021\/06\/newspaper-article-journal-154444-300x258.png 300w, https:\/\/fohowterapia.hu\/wp-content\/uploads\/2021\/06\/newspaper-article-journal-154444-1024x882.png 1024w, https:\/\/fohowterapia.hu\/wp-content\/uploads\/2021\/06\/newspaper-article-journal-154444-768x661.png 768w\" sizes=\"(max-width: 1280px) 100vw, 1280px\" \/><\/a><\/figure><div class=\"elementor-image-box-content\"><h3 class=\"elementor-image-box-title\"><a href=\"https:\/\/fohowterapia.hu\/index.php\/cikkek\/\">Cikkek<\/a><\/h3><\/div><\/div>\t\t\t\t<\/div>\n\t\t\t\t<\/div>\n\t\t\t\t\t<\/div>\n\t\t<\/div>\n\t\t\t\t<div class=\"elementor-column elementor-col-50 elementor-top-column elementor-element elementor-element-df048c3\" data-id=\"df048c3\" data-element_type=\"column\">\n\t\t\t<div class=\"elementor-widget-wrap elementor-element-populated\">\n\t\t\t\t\t\t<div class=\"elementor-element elementor-element-3c905dd elementor-position-top elementor-widget elementor-widget-image-box\" data-id=\"3c905dd\" data-element_type=\"widget\" data-widget_type=\"image-box.default\">\n\t\t\t\t<div class=\"elementor-widget-container\">\n\t\t\t\t\t<div class=\"elementor-image-box-wrapper\"><figure class=\"elementor-image-box-img\"><a href=\"https:\/\/fohowterapia.hu\/index.php\/videok\/\" tabindex=\"-1\"><img decoding=\"async\" width=\"1280\" height=\"1280\" src=\"https:\/\/fohowterapia.hu\/wp-content\/uploads\/2021\/06\/social-social-networks-icon-1834016.png\" class=\"attachment-full size-full wp-image-757\" alt=\"social, social networks, icon-1834016.jpg\" srcset=\"https:\/\/fohowterapia.hu\/wp-content\/uploads\/2021\/06\/social-social-networks-icon-1834016.png 1280w, https:\/\/fohowterapia.hu\/wp-content\/uploads\/2021\/06\/social-social-networks-icon-1834016-300x300.png 300w, https:\/\/fohowterapia.hu\/wp-content\/uploads\/2021\/06\/social-social-networks-icon-1834016-1024x1024.png 1024w, https:\/\/fohowterapia.hu\/wp-content\/uploads\/2021\/06\/social-social-networks-icon-1834016-150x150.png 150w, https:\/\/fohowterapia.hu\/wp-content\/uploads\/2021\/06\/social-social-networks-icon-1834016-768x768.png 768w\" sizes=\"(max-width: 1280px) 100vw, 1280px\" \/><\/a><\/figure><div class=\"elementor-image-box-content\"><h3 class=\"elementor-image-box-title\"><a href=\"https:\/\/fohowterapia.hu\/index.php\/videok\/\">Vide\u00f3k<\/a><\/h3><\/div><\/div>\t\t\t\t<\/div>\n\t\t\t\t<\/div>\n\t\t\t\t\t<\/div>\n\t\t<\/div>\n\t\t\t\t\t<\/div>\n\t\t<\/section>\n\t\t\t\t<section class=\"elementor-section elementor-top-section elementor-element elementor-element-c22ca39 elementor-section-boxed elementor-section-height-default elementor-section-height-default\" data-id=\"c22ca39\" data-element_type=\"section\">\n\t\t\t\t\t\t<div class=\"elementor-container elementor-column-gap-default\">\n\t\t\t\t\t<div class=\"elementor-column elementor-col-100 elementor-top-column elementor-element elementor-element-504a4b3\" data-id=\"504a4b3\" data-element_type=\"column\">\n\t\t\t<div class=\"elementor-widget-wrap elementor-element-populated\">\n\t\t\t\t\t\t<div class=\"elementor-element elementor-element-e35aa43 elementor-widget elementor-widget-heading\" data-id=\"e35aa43\" data-element_type=\"widget\" data-widget_type=\"heading.default\">\n\t\t\t\t<div class=\"elementor-widget-container\">\n\t\t\t\t\t<h2 class=\"elementor-heading-title elementor-size-default\">K\u00e9rd\u00e9se van?<\/h2>\t\t\t\t<\/div>\n\t\t\t\t<\/div>\n\t\t\t\t<div class=\"elementor-element elementor-element-a2f34f7 elementor-align-center elementor-widget elementor-widget-button\" data-id=\"a2f34f7\" data-element_type=\"widget\" data-widget_type=\"button.default\">\n\t\t\t\t<div class=\"elementor-widget-container\">\n\t\t\t\t\t\t\t\t\t<div class=\"elementor-button-wrapper\">\n\t\t\t\t\t<a class=\"elementor-button elementor-button-link elementor-size-sm\" href=\"https:\/\/fohowterapia.hu\/index.php\/kapcsolatok\/\">\n\t\t\t\t\t\t<span class=\"elementor-button-content-wrapper\">\n\t\t\t\t\t\t\t\t\t<span class=\"elementor-button-text\">H\u00edvjon minket <\/span>\n\t\t\t\t\t<\/span>\n\t\t\t\t\t<\/a>\n\t\t\t\t<\/div>\n\t\t\t\t\t\t\t\t<\/div>\n\t\t\t\t<\/div>\n\t\t\t\t\t<\/div>\n\t\t<\/div>\n\t\t\t\t\t<\/div>\n\t\t<\/section>\n\t\t\t\t<\/div>\n\t\t","protected":false},"excerpt":{"rendered":"<p>Cikkek Vide\u00f3k K\u00e9rd\u00e9se van? H\u00edvjon minket<\/p>\n","protected":false},"author":1,"featured_media":0,"parent":0,"menu_order":0,"comment_status":"closed","ping_status":"closed","template":"","meta":{"site-sidebar-layout":"no-sidebar","site-content-layout":"page-builder","ast-site-content-layout":"","site-content-style":"default","site-sidebar-style":"default","ast-global-header-display":"","ast-banner-title-visibility":"","ast-main-header-display":"","ast-hfb-above-header-display":"","ast-hfb-below-header-display":"","ast-hfb-mobile-header-display":"","site-post-title":"disabled","ast-breadcrumbs-content":"","ast-featured-img":"disabled","footer-sml-layout":"","theme-transparent-header-meta":"default","adv-header-id-meta":"","stick-header-meta":"","header-above-stick-meta":"","header-main-stick-meta":"","header-below-stick-meta":"","astra-migrate-meta-layouts":"","ast-page-background-enabled":"default","ast-page-background-meta":{"desktop":{"background-color":"","background-image":"","background-repeat":"repeat","background-position":"center center","background-size":"auto","background-attachment":"scroll","background-type":"","background-media":"","overlay-type":"","overlay-color":"","overlay-gradient":""},"tablet":{"background-color":"","background-image":"","background-repeat":"repeat","background-position":"center center","background-size":"auto","background-attachment":"scroll","background-type":"","background-media":"","overlay-type":"","overlay-color":"","overlay-gradient":""},"mobile":{"background-color":"","background-image":"","background-repeat":"repeat","background-position":"center center","background-size":"auto","background-attachment":"scroll","background-type":"","background-media":"","overlay-type":"","overlay-color":"","overlay-gradient":""}},"ast-content-background-meta":{"desktop":{"background-color":"var(--ast-global-color-5)","background-image":"","background-repeat":"repeat","background-position":"center center","background-size":"auto","background-attachment":"scroll","background-type":"","background-media":"","overlay-type":"","overlay-color":"","overlay-gradient":""},"tablet":{"background-color":"var(--ast-global-color-5)","background-image":"","background-repeat":"repeat","background-position":"center center","background-size":"auto","background-attachment":"scroll","background-type":"","background-media":"","overlay-type":"","overlay-color":"","overlay-gradient":""},"mobile":{"background-color":"var(--ast-global-color-5)","background-image":"","background-repeat":"repeat","background-position":"center center","background-size":"auto","background-attachment":"scroll","background-type":"","background-media":"","overlay-type":"","overlay-color":"","overlay-gradient":""}},"footnotes":""},"class_list":["post-730","page","type-page","status-publish","hentry"],"_links":{"self":[{"href":"https:\/\/fohowterapia.hu\/index.php\/wp-json\/wp\/v2\/pages\/730"}],"collection":[{"href":"https:\/\/fohowterapia.hu\/index.php\/wp-json\/wp\/v2\/pages"}],"about":[{"href":"https:\/\/fohowterapia.hu\/index.php\/wp-json\/wp\/v2\/types\/page"}],"author":[{"embeddable":true,"href":"https:\/\/fohowterapia.hu\/index.php\/wp-json\/wp\/v2\/users\/1"}],"replies":[{"embeddable":true,"href":"https:\/\/fohowterapia.hu\/index.php\/wp-json\/wp\/v2\/comments?post=730"}],"version-history":[{"count":16,"href":"https:\/\/fohowterapia.hu\/index.php\/wp-json\/wp\/v2\/pages\/730\/revisions"}],"predecessor-version":[{"id":881,"href":"https:\/\/fohowterapia.hu\/index.php\/wp-json\/wp\/v2\/pages\/730\/revisions\/881"}],"wp:attachment":[{"href":"https:\/\/fohowterapia.hu\/index.php\/wp-json\/wp\/v2\/media?parent=730"}],"curies":[{"name":"wp","href":"https:\/\/api.w.org\/{rel}","templated":true}]}}