{"id":18,"date":"2019-07-02T05:11:45","date_gmt":"2019-07-02T05:11:45","guid":{"rendered":"http:\/\/fohowterapia.hu\/index.php\/services\/"},"modified":"2021-09-20T08:48:46","modified_gmt":"2021-09-20T08:48:46","slug":"alapelv","status":"publish","type":"page","link":"https:\/\/fohowterapia.hu\/index.php\/alapelv\/","title":{"rendered":"A g\u00e9p alapelve"},"content":{"rendered":"\t\t<div data-elementor-type=\"wp-post\" data-elementor-id=\"18\" class=\"elementor elementor-18\" data-elementor-post-type=\"page\">\n\t\t\t\t\t\t<section class=\"elementor-section elementor-top-section elementor-element elementor-element-592a984 elementor-section-boxed elementor-section-height-default elementor-section-height-default\" data-id=\"592a984\" data-element_type=\"section\" data-settings=\"{&quot;background_background&quot;:&quot;classic&quot;}\">\n\t\t\t\t\t\t<div class=\"elementor-container elementor-column-gap-default\">\n\t\t\t\t\t<div class=\"elementor-column elementor-col-100 elementor-top-column elementor-element elementor-element-e50dbdb\" data-id=\"e50dbdb\" data-element_type=\"column\">\n\t\t\t<div class=\"elementor-widget-wrap elementor-element-populated\">\n\t\t\t\t\t\t<section class=\"elementor-section elementor-inner-section elementor-element elementor-element-598f1dc elementor-section-boxed elementor-section-height-default elementor-section-height-default\" data-id=\"598f1dc\" data-element_type=\"section\">\n\t\t\t\t\t\t<div class=\"elementor-container elementor-column-gap-wider\">\n\t\t\t\t\t<div class=\"elementor-column elementor-col-50 elementor-inner-column elementor-element elementor-element-0095b97\" data-id=\"0095b97\" data-element_type=\"column\">\n\t\t\t<div class=\"elementor-widget-wrap elementor-element-populated\">\n\t\t\t\t\t\t<div class=\"elementor-element elementor-element-b2a4d1d elementor-widget elementor-widget-heading\" data-id=\"b2a4d1d\" data-element_type=\"widget\" data-widget_type=\"heading.default\">\n\t\t\t\t<div class=\"elementor-widget-container\">\n\t\t\t\t\t<h1 class=\"elementor-heading-title elementor-size-default\">Hogyan m\u0171k\u00f6dik?<\/h1>\t\t\t\t<\/div>\n\t\t\t\t<\/div>\n\t\t\t\t<div class=\"elementor-element elementor-element-095f75e elementor-widget elementor-widget-image\" data-id=\"095f75e\" data-element_type=\"widget\" data-widget_type=\"image.default\">\n\t\t\t\t<div class=\"elementor-widget-container\">\n\t\t\t\t\t\t\t\t\t\t\t\t\t\t\t<img fetchpriority=\"high\" decoding=\"async\" width=\"300\" height=\"300\" src=\"https:\/\/fohowterapia.hu\/wp-content\/uploads\/2021\/06\/fohow-removebg-preview-300x300.png\" class=\"attachment-medium size-medium wp-image-566\" alt=\"\" srcset=\"https:\/\/fohowterapia.hu\/wp-content\/uploads\/2021\/06\/fohow-removebg-preview-300x300.png 300w, https:\/\/fohowterapia.hu\/wp-content\/uploads\/2021\/06\/fohow-removebg-preview-150x150.png 150w, https:\/\/fohowterapia.hu\/wp-content\/uploads\/2021\/06\/fohow-removebg-preview.png 500w\" sizes=\"(max-width: 300px) 100vw, 300px\" \/>\t\t\t\t\t\t\t\t\t\t\t\t\t\t\t<\/div>\n\t\t\t\t<\/div>\n\t\t\t\t\t<\/div>\n\t\t<\/div>\n\t\t\t\t<div class=\"elementor-column elementor-col-50 elementor-inner-column elementor-element elementor-element-0b2bd7d\" data-id=\"0b2bd7d\" data-element_type=\"column\">\n\t\t\t<div class=\"elementor-widget-wrap elementor-element-populated\">\n\t\t\t\t\t\t<div class=\"elementor-element elementor-element-1105f7c elementor-widget elementor-widget-text-editor\" data-id=\"1105f7c\" data-element_type=\"widget\" data-widget_type=\"text-editor.default\">\n\t\t\t\t<div class=\"elementor-widget-container\">\n\t\t\t\t\t\t\t\t\t<p>M\u0171k\u00f6d\u00e9s\u00e9nek elve a hagyom\u00e1nyos k\u00ednai orvosl\u00e1s meridi\u00e1njainak tanulm\u00e1nyoz\u00e1s\u00e1n alapul, amelynek f\u0151 szempontja a k\u00f6vetkez\u0151 kifejez\u00e9s: &#8222;ahol van permeabilit\u00e1s, ott nincs f\u00e1jdalom, ahol nincs permeabilit\u00e1s, ott f\u00e1jdalom jelentkezik&#8221;.<\/p><p>Ebben az esetben nyilv\u00e1nval\u00f3, hogy az elz\u00e1r\u00f3d\u00e1s befoly\u00e1solja az \u00e9letfontoss\u00e1g\u00fa energia \u00e9s a v\u00e9rkering\u00e9st, annak a t\u00e9nynek k\u00f6sz\u00f6nhet\u0151, hogy stagn\u00e1l\u00e1s alakul ki, amelyek a f\u00e1jdalom oka.<\/p><p>&#8222;Az emberi test meridi\u00e1njai meghat\u00e1rozz\u00e1k az \u00e9letet \u00e9s a hal\u00e1lt, megmenthetik a testet sz\u00e1z betegs\u00e9gt\u0151l.<br \/>Az emberi test meridi\u00e1njai az \u00e9let fonalai. \u00d6t s\u0171r\u0171 szervet (m\u00e1j, t\u00fcd\u0151, l\u00e9p, vese, hasny\u00e1lmirigy), hat \u00fcreset (gyomor, sz\u00edv, epeh\u00f3lyag, h\u00f3lyag, vastagb\u00e9l, v\u00e9konyb\u00e9l) k\u00f6t \u00f6ssze a v\u00e9gtagokkal, \u00e9s kulcsszerepet j\u00e1tszanak a ter\u00e1pi\u00e1s \u00e9s ter\u00e1pi\u00e1s technik\u00e1kban. a hagyom\u00e1nyos k\u00ednai orvosl\u00e1s eg\u00e9szs\u00e9ge. \u201d &#8211; A s\u00e1rga cs\u00e1sz\u00e1r szerz\u0151d\u00e9se.<\/p>\t\t\t\t\t\t\t\t<\/div>\n\t\t\t\t<\/div>\n\t\t\t\t\t<\/div>\n\t\t<\/div>\n\t\t\t\t\t<\/div>\n\t\t<\/section>\n\t\t\t\t\t<\/div>\n\t\t<\/div>\n\t\t\t\t\t<\/div>\n\t\t<\/section>\n\t\t\t\t<section class=\"elementor-section elementor-top-section elementor-element elementor-element-7137ac2 elementor-section-boxed elementor-section-height-default elementor-section-height-default\" data-id=\"7137ac2\" data-element_type=\"section\" data-settings=\"{&quot;background_background&quot;:&quot;classic&quot;}\">\n\t\t\t\t\t\t<div class=\"elementor-container elementor-column-gap-default\">\n\t\t\t\t\t<div class=\"elementor-column elementor-col-100 elementor-top-column elementor-element elementor-element-56590e2\" data-id=\"56590e2\" data-element_type=\"column\">\n\t\t\t<div class=\"elementor-widget-wrap elementor-element-populated\">\n\t\t\t\t\t\t<div class=\"elementor-element elementor-element-d420eff elementor-widget elementor-widget-text-editor\" data-id=\"d420eff\" data-element_type=\"widget\" data-widget_type=\"text-editor.default\">\n\t\t\t\t<div class=\"elementor-widget-container\">\n\t\t\t\t\t\t\t\t\t<h4 style=\"text-align: left;\">A FOHOW k\u00e9sz\u00fcl\u00e9kkel v\u00e9gzett massz\u00e1zsok f\u0151 el\u0151nyei<\/h4><ul><li>A toxinok elt\u00e1vol\u00edt\u00e1sa, a v\u00e9r tiszt\u00edt\u00e1sa.<\/li><li>A v\u00e9rkering\u00e9s \u00e9s a sejtek oxig\u00e9nell\u00e1t\u00e1s\u00e1nak jav\u00edt\u00e1sa.<\/li><li>Az anyagcsere felgyorsul\u00e1sa (izomgyeng\u00fcl\u00e9s \u00e9s toniz\u00e1l\u00f3 hat\u00e1s).<\/li><li>A sejttev\u00e9kenys\u00e9g n\u00f6vel\u00e9se, az immunit\u00e1s er\u0151s\u00edt\u00e9se \u00e9s a test gy\u00f3gyul\u00e1si k\u00e9pess\u00e9g\u00e9nek n\u00f6vel\u00e9se.<\/li><li>Az \u00f6d\u00e9ma cs\u00f6kkent\u00e9se, a f\u00e1jdalom megsz\u00fcntet\u00e9se, az osteo-\u00edz\u00fcleti rendszer \u00e9s az izmok meger\u0151s\u00edt\u00e9se.<\/li><li>A k\u00f6zponti idegrendszer szab\u00e1lyoz\u00e1sa, az alv\u00e1s min\u0151s\u00e9g\u00e9nek jav\u00edt\u00e1sa.<\/li><li>A bels\u0151 v\u00e1lad\u00e9krendszer, a testform\u00e1l\u00e1s \u00e9s a sz\u00e9ps\u00e9g szab\u00e1lyoz\u00e1sa.<\/li><li>Energiameridi\u00e1nok tiszt\u00edt\u00e1sa, a v\u00e9r stagn\u00e1l\u00e1s\u00e1nak megsz\u00fcntet\u00e9se.<\/li><li>Nyirokelvezet\u00e9si hat\u00e1s.<\/li><li>A gerinc testtart\u00e1s\u00e1nak korrig\u00e1l\u00e1sa.<\/li><li>Az \u00e9rzelmi felszabadul\u00e1s \u00e9s megtisztul\u00e1s b\u0151s\u00e9ges hat\u00e1sa.<\/li><li>A sejt mikrovibr\u00e1ci\u00f3j\u00e1nak hat\u00e1sa.<\/li><li>A vese energi\u00e1j\u00e1nak felszabad\u00edt\u00e1sa \u00e9s meger\u0151s\u00edt\u00e9se (a test \u00e9leterej\u00e9nek n\u00f6vel\u00e9se &#8211; Qi energia)<\/li><\/ul>\t\t\t\t\t\t\t\t<\/div>\n\t\t\t\t<\/div>\n\t\t\t\t\t<\/div>\n\t\t<\/div>\n\t\t\t\t\t<\/div>\n\t\t<\/section>\n\t\t\t\t<section class=\"elementor-section elementor-top-section elementor-element elementor-element-dfba1db elementor-section-boxed elementor-section-height-default elementor-section-height-default\" data-id=\"dfba1db\" data-element_type=\"section\" data-settings=\"{&quot;background_background&quot;:&quot;classic&quot;}\">\n\t\t\t\t\t\t<div class=\"elementor-container elementor-column-gap-wider\">\n\t\t\t\t\t<div class=\"elementor-column elementor-col-100 elementor-top-column elementor-element elementor-element-268186b\" data-id=\"268186b\" data-element_type=\"column\">\n\t\t\t<div class=\"elementor-widget-wrap elementor-element-populated\">\n\t\t\t\t\t\t<div class=\"elementor-element elementor-element-6ea96aa elementor-widget elementor-widget-image-box\" data-id=\"6ea96aa\" data-element_type=\"widget\" data-widget_type=\"image-box.default\">\n\t\t\t\t<div class=\"elementor-widget-container\">\n\t\t\t\t\t<div class=\"elementor-image-box-wrapper\"><div class=\"elementor-image-box-content\"><h2 class=\"elementor-image-box-title\">Kipr\u00f3b\u00e1ln\u00e1d?<\/h2><p class=\"elementor-image-box-description\">Foglalj id\u0151pontot telefonon m\u00e9g ma, vagy \u00edrj email \u00e9s egyeztet\u00fcnk mindenkinek megfelel\u0151 id\u0151pontot!<\/p><\/div><\/div>\t\t\t\t<\/div>\n\t\t\t\t<\/div>\n\t\t\t\t<div class=\"elementor-element elementor-element-877b619 elementor-mobile-align-center elementor-align-center elementor-widget elementor-widget-button\" data-id=\"877b619\" data-element_type=\"widget\" data-widget_type=\"button.default\">\n\t\t\t\t<div class=\"elementor-widget-container\">\n\t\t\t\t\t\t\t\t\t<div class=\"elementor-button-wrapper\">\n\t\t\t\t\t<a class=\"elementor-button elementor-button-link elementor-size-md\" href=\"https:\/\/fohowterapia.hu\/index.php\/kapcsolatok\/\">\n\t\t\t\t\t\t<span class=\"elementor-button-content-wrapper\">\n\t\t\t\t\t\t<span class=\"elementor-button-icon\">\n\t\t\t\t<i aria-hidden=\"true\" class=\"fas fa-caret-right\"><\/i>\t\t\t<\/span>\n\t\t\t\t\t\t\t\t\t<span class=\"elementor-button-text\">Foglal\u00e1s<\/span>\n\t\t\t\t\t<\/span>\n\t\t\t\t\t<\/a>\n\t\t\t\t<\/div>\n\t\t\t\t\t\t\t\t<\/div>\n\t\t\t\t<\/div>\n\t\t\t\t\t<\/div>\n\t\t<\/div>\n\t\t\t\t\t<\/div>\n\t\t<\/section>\n\t\t\t\t<section class=\"elementor-section elementor-top-section elementor-element elementor-element-ebdc04f elementor-section-boxed elementor-section-height-default elementor-section-height-default\" data-id=\"ebdc04f\" data-element_type=\"section\" data-settings=\"{&quot;background_background&quot;:&quot;classic&quot;}\">\n\t\t\t\t\t\t<div class=\"elementor-container elementor-column-gap-default\">\n\t\t\t\t\t<div class=\"elementor-column elementor-col-100 elementor-top-column elementor-element elementor-element-86532bf\" data-id=\"86532bf\" data-element_type=\"column\">\n\t\t\t<div class=\"elementor-widget-wrap elementor-element-populated\">\n\t\t\t\t\t\t<div class=\"elementor-element elementor-element-29f0105 elementor-widget elementor-widget-heading\" data-id=\"29f0105\" data-element_type=\"widget\" data-widget_type=\"heading.default\">\n\t\t\t\t<div class=\"elementor-widget-container\">\n\t\t\t\t\t<h2 class=\"elementor-heading-title elementor-size-default\">GYIK<\/h2>\t\t\t\t<\/div>\n\t\t\t\t<\/div>\n\t\t\t\t<div class=\"elementor-element elementor-element-4462b81 elementor-widget elementor-widget-accordion\" data-id=\"4462b81\" data-element_type=\"widget\" data-widget_type=\"accordion.default\">\n\t\t\t\t<div class=\"elementor-widget-container\">\n\t\t\t\t\t\t\t<div class=\"elementor-accordion\">\n\t\t\t\t\t\t\t<div class=\"elementor-accordion-item\">\n\t\t\t\t\t<div id=\"elementor-tab-title-7171\" class=\"elementor-tab-title\" data-tab=\"1\" role=\"button\" aria-controls=\"elementor-tab-content-7171\" aria-expanded=\"false\">\n\t\t\t\t\t\t\t\t\t\t\t\t\t<span class=\"elementor-accordion-icon elementor-accordion-icon-right\" aria-hidden=\"true\">\n\t\t\t\t\t\t\t\t\t\t\t\t\t\t\t<span class=\"elementor-accordion-icon-closed\"><i class=\"fas fa-angle-down\"><\/i><\/span>\n\t\t\t\t\t\t\t\t<span class=\"elementor-accordion-icon-opened\"><i class=\"fas fa-angle-up\"><\/i><\/span>\n\t\t\t\t\t\t\t\t\t\t\t\t\t\t<\/span>\n\t\t\t\t\t\t\t\t\t\t\t\t<a class=\"elementor-accordion-title\" tabindex=\"0\">Mi\u00e9rt \u00e9rdemes haszn\u00e1lni a fohow massz\u00e1zs eszk\u00f6zt?<\/a>\n\t\t\t\t\t<\/div>\n\t\t\t\t\t<div id=\"elementor-tab-content-7171\" class=\"elementor-tab-content elementor-clearfix\" data-tab=\"1\" role=\"region\" aria-labelledby=\"elementor-tab-title-7171\"><p>Az eszk\u00f6z teljes\u00edtm\u00e9ny\u00e9vel kapcsolatos tanulm\u00e1nyokat k\u00f6vet\u0151en a k\u00f6vetkez\u0151 statisztik\u00e1kat igazolt\u00e1k:<br \/>Kal\u00f3ria\u00e9get\u00e9s &#8211; 6 km-es fut\u00e1snak\/ 500 \u00fasz\u00f3nak\/ 45 perces nyirokm\u00e9regtelen\u00edt\u00e9snek\/ 10 massz\u00e1zsnak felel meg;<br \/>Egyen\u00e9rt\u00e9k\u0171 az eg\u00e9sz test energiacsatorn\u00e1inak megtiszt\u00edt\u00e1s\u00e1val;<br \/>H\u00e1rom elj\u00e1r\u00e1ssal egyen\u00e9rt\u00e9k\u0171 az eg\u00e9sz test toniz\u00e1l\u00e1s\u00e1ra \u00e9s hidrat\u00e1l\u00e1s\u00e1ra;<br \/>Megegyezik az anionok 3 \u00f3r\u00e1n bel\u00fcli felsz\u00edv\u00f3d\u00e1s\u00e1val (az anionok a leveg\u0151ben l\u00e9v\u0151 vitaminok, \u00e9s felsz\u00edvjuk \u0151ket, amikor id\u0151t t\u00f6lt\u00fcnk a term\u00e9szetben);<br \/>M\u00e9ly m\u00e9regtelen\u00edt\u00e9s sejtszinten;<br \/>A s\u00e9r\u00fclt hajsz\u00e1lerek helyre\u00e1ll\u00edt\u00e1sa, perif\u00e9ri\u00e1s v\u00e9rkering\u00e9s \u00e9s vizelet- \u00e9s reprodukt\u00edv rendszer m\u0171k\u00f6d\u00e9s\u00e9nek jav\u00edt\u00e1sa;<br \/>Megegyezik a bels\u0151 szervek 4,1 gramm toxinj\u00e1nak elt\u00e1vol\u00edt\u00e1s\u00e1val.<\/p><\/div>\n\t\t\t\t<\/div>\n\t\t\t\t\t\t\t\t\t\t<script type=\"application\/ld+json\">{\"@context\":\"https:\\\/\\\/schema.org\",\"@type\":\"FAQPage\",\"mainEntity\":[{\"@type\":\"Question\",\"name\":\"Mi\\u00e9rt \\u00e9rdemes haszn\\u00e1lni a fohow massz\\u00e1zs eszk\\u00f6zt?\",\"acceptedAnswer\":{\"@type\":\"Answer\",\"text\":\"<p>Az eszk\\u00f6z teljes\\u00edtm\\u00e9ny\\u00e9vel kapcsolatos tanulm\\u00e1nyokat k\\u00f6vet\\u0151en a k\\u00f6vetkez\\u0151 statisztik\\u00e1kat igazolt\\u00e1k:<br \\\/>Kal\\u00f3ria\\u00e9get\\u00e9s &#8211; 6 km-es fut\\u00e1snak\\\/ 500 \\u00fasz\\u00f3nak\\\/ 45 perces nyirokm\\u00e9regtelen\\u00edt\\u00e9snek\\\/ 10 massz\\u00e1zsnak felel meg;<br \\\/>Egyen\\u00e9rt\\u00e9k\\u0171 az eg\\u00e9sz test energiacsatorn\\u00e1inak megtiszt\\u00edt\\u00e1s\\u00e1val;<br \\\/>H\\u00e1rom elj\\u00e1r\\u00e1ssal egyen\\u00e9rt\\u00e9k\\u0171 az eg\\u00e9sz test toniz\\u00e1l\\u00e1s\\u00e1ra \\u00e9s hidrat\\u00e1l\\u00e1s\\u00e1ra;<br \\\/>Megegyezik az anionok 3 \\u00f3r\\u00e1n bel\\u00fcli felsz\\u00edv\\u00f3d\\u00e1s\\u00e1val (az anionok a leveg\\u0151ben l\\u00e9v\\u0151 vitaminok, \\u00e9s felsz\\u00edvjuk \\u0151ket, amikor id\\u0151t t\\u00f6lt\\u00fcnk a term\\u00e9szetben);<br \\\/>M\\u00e9ly m\\u00e9regtelen\\u00edt\\u00e9s sejtszinten;<br \\\/>A s\\u00e9r\\u00fclt hajsz\\u00e1lerek helyre\\u00e1ll\\u00edt\\u00e1sa, perif\\u00e9ri\\u00e1s v\\u00e9rkering\\u00e9s \\u00e9s vizelet- \\u00e9s reprodukt\\u00edv rendszer m\\u0171k\\u00f6d\\u00e9s\\u00e9nek jav\\u00edt\\u00e1sa;<br \\\/>Megegyezik a bels\\u0151 szervek 4,1 gramm toxinj\\u00e1nak elt\\u00e1vol\\u00edt\\u00e1s\\u00e1val.<\\\/p>\"}}]}<\/script>\n\t\t\t\t\t<\/div>\n\t\t\t\t\t\t<\/div>\n\t\t\t\t<\/div>\n\t\t\t\t<div class=\"elementor-element elementor-element-530cfba elementor-widget elementor-widget-accordion\" data-id=\"530cfba\" data-element_type=\"widget\" data-widget_type=\"accordion.default\">\n\t\t\t\t<div class=\"elementor-widget-container\">\n\t\t\t\t\t\t\t<div class=\"elementor-accordion\">\n\t\t\t\t\t\t\t<div class=\"elementor-accordion-item\">\n\t\t\t\t\t<div id=\"elementor-tab-title-8701\" class=\"elementor-tab-title\" data-tab=\"1\" role=\"button\" aria-controls=\"elementor-tab-content-8701\" aria-expanded=\"false\">\n\t\t\t\t\t\t\t\t\t\t\t\t\t<span class=\"elementor-accordion-icon elementor-accordion-icon-right\" aria-hidden=\"true\">\n\t\t\t\t\t\t\t\t\t\t\t\t\t\t\t<span class=\"elementor-accordion-icon-closed\"><i class=\"fas fa-angle-down\"><\/i><\/span>\n\t\t\t\t\t\t\t\t<span class=\"elementor-accordion-icon-opened\"><i class=\"fas fa-angle-up\"><\/i><\/span>\n\t\t\t\t\t\t\t\t\t\t\t\t\t\t<\/span>\n\t\t\t\t\t\t\t\t\t\t\t\t<a class=\"elementor-accordion-title\" tabindex=\"0\">Biztons\u00e1gos? Vannak mell\u00e9khat\u00e1sai?<\/a>\n\t\t\t\t\t<\/div>\n\t\t\t\t\t<div id=\"elementor-tab-content-8701\" class=\"elementor-tab-content elementor-clearfix\" data-tab=\"1\" role=\"region\" aria-labelledby=\"elementor-tab-title-8701\"><p>A Bioenergy Massage egy teljesen biztons\u00e1gos eszk\u00f6z, amely meger\u0151s\u00edti a min\u0151s\u00e9gi megfelel\u0151s\u00e9gi tan\u00fas\u00edtv\u00e1nyt.<\/p><p>A k\u00e9sz\u00fcl\u00e9k kimeneti fesz\u00fclts\u00e9ge 8 volt, amely egybeesik a test sejtjeinek biol\u00f3giai \u00e1ram\u00e1val. A k\u00e9sz\u00fcl\u00e9k biztons\u00e1gos az \u00fcgyf\u00e9l \u00e9s a vele dolgoz\u00f3 szakember sz\u00e1m\u00e1ra.<\/p><p>Az elektromos impulzusokat bio\u00e1ramokk\u00e1 alak\u00edtja, amelyek egybeesnek az emberi sejtek elektromos t\u00f6lt\u00e9s\u00e9vel. A bioenergia-massz\u00e1zs helyre\u00e1ll\u00edtja a sejtek energi\u00e1j\u00e1t, felszabad\u00edtja az energiacsatorn\u00e1kat.<\/p><\/div>\n\t\t\t\t<\/div>\n\t\t\t\t\t\t\t\t<\/div>\n\t\t\t\t\t\t<\/div>\n\t\t\t\t<\/div>\n\t\t\t\t<div class=\"elementor-element elementor-element-8f893e7 elementor-widget elementor-widget-accordion\" data-id=\"8f893e7\" data-element_type=\"widget\" data-widget_type=\"accordion.default\">\n\t\t\t\t<div class=\"elementor-widget-container\">\n\t\t\t\t\t\t\t<div class=\"elementor-accordion\">\n\t\t\t\t\t\t\t<div class=\"elementor-accordion-item\">\n\t\t\t\t\t<div id=\"elementor-tab-title-1501\" class=\"elementor-tab-title\" data-tab=\"1\" role=\"button\" aria-controls=\"elementor-tab-content-1501\" aria-expanded=\"false\">\n\t\t\t\t\t\t\t\t\t\t\t\t\t<span class=\"elementor-accordion-icon elementor-accordion-icon-right\" aria-hidden=\"true\">\n\t\t\t\t\t\t\t\t\t\t\t\t\t\t\t<span class=\"elementor-accordion-icon-closed\"><i class=\"fas fa-angle-down\"><\/i><\/span>\n\t\t\t\t\t\t\t\t<span class=\"elementor-accordion-icon-opened\"><i class=\"fas fa-angle-up\"><\/i><\/span>\n\t\t\t\t\t\t\t\t\t\t\t\t\t\t<\/span>\n\t\t\t\t\t\t\t\t\t\t\t\t<a class=\"elementor-accordion-title\" tabindex=\"0\">Mennyire hat\u00e9kony a fohow bioenergy massz\u00e1zs?<\/a>\n\t\t\t\t\t<\/div>\n\t\t\t\t\t<div id=\"elementor-tab-content-1501\" class=\"elementor-tab-content elementor-clearfix\" data-tab=\"1\" role=\"region\" aria-labelledby=\"elementor-tab-title-1501\"><p>Ennek az eszk\u00f6znek azonnali hat\u00e1sa van, amit sz\u00e1mos szem\u00e9lyes p\u00e9lda is bizony\u00edt a haszn\u00e1lat\u00e1ra. Ha m\u00e9g nem volt ideje \u00e9rezni a bioenergi\u00e1s massz\u00e1zs hat\u00e1s\u00e1t, javasoljuk, hogy pr\u00f3b\u00e1lja ki a bioenergi\u00e1s massz\u00e1zs elj\u00e1r\u00e1st.<\/p><\/div>\n\t\t\t\t<\/div>\n\t\t\t\t\t\t\t\t<\/div>\n\t\t\t\t\t\t<\/div>\n\t\t\t\t<\/div>\n\t\t\t\t<div class=\"elementor-element elementor-element-ae128fa elementor-widget elementor-widget-accordion\" data-id=\"ae128fa\" data-element_type=\"widget\" data-widget_type=\"accordion.default\">\n\t\t\t\t<div class=\"elementor-widget-container\">\n\t\t\t\t\t\t\t<div class=\"elementor-accordion\">\n\t\t\t\t\t\t\t<div class=\"elementor-accordion-item\">\n\t\t\t\t\t<div id=\"elementor-tab-title-1821\" class=\"elementor-tab-title\" data-tab=\"1\" role=\"button\" aria-controls=\"elementor-tab-content-1821\" aria-expanded=\"false\">\n\t\t\t\t\t\t\t\t\t\t\t\t\t<span class=\"elementor-accordion-icon elementor-accordion-icon-right\" aria-hidden=\"true\">\n\t\t\t\t\t\t\t\t\t\t\t\t\t\t\t<span class=\"elementor-accordion-icon-closed\"><i class=\"fas fa-angle-down\"><\/i><\/span>\n\t\t\t\t\t\t\t\t<span class=\"elementor-accordion-icon-opened\"><i class=\"fas fa-angle-up\"><\/i><\/span>\n\t\t\t\t\t\t\t\t\t\t\t\t\t\t<\/span>\n\t\t\t\t\t\t\t\t\t\t\t\t<a class=\"elementor-accordion-title\" tabindex=\"0\">Mikor aj\u00e1nlott a k\u00e9sz\u00fcl\u00e9k haszn\u00e1lata?<\/a>\n\t\t\t\t\t<\/div>\n\t\t\t\t\t<div id=\"elementor-tab-content-1821\" class=\"elementor-tab-content elementor-clearfix\" data-tab=\"1\" role=\"region\" aria-labelledby=\"elementor-tab-title-1821\"><p>\u00c1lmatlans\u00e1g, Neur\u00f3zis, Gyomor-b\u00e9lrendszeri betegs\u00e9gek, \u00c9tv\u00e1gytalans\u00e1g, Sz\u00e9kreked\u00e9s, Arany\u00e9r, Viszket\u00e9s, Reum\u00e1s betegs\u00e9gek, \u00cdz\u00fcleti gyullad\u00e1s, Nyaki spondylosis, H\u00e1t- \u00e9s l\u00e1bf\u00e1jdalmak, S\u00e9r\u00fcl\u00e9sek, L\u00e1gyr\u00e9sz s\u00e9r\u00fcl\u00e9sek, Csontelv\u00e1ltoz\u00e1sok, Sz\u00e9d\u00fcl\u00e9s, Hipotenzi\u00f3, F\u00fclz\u00fag\u00e1s hiperglik\u00e9mia, Cukorbetegs\u00e9g, Agyr\u00e1zk\u00f3d\u00e1si sz\u00f6v\u0151dm\u00e9nyek, Ischaemi\u00e1s betegs\u00e9g, Menopauz\u00e1lis szindr\u00f3ma \u00e9s T\u00falterhel\u00e9s eset\u00e9n!<\/p><\/div>\n\t\t\t\t<\/div>\n\t\t\t\t\t\t\t\t<\/div>\n\t\t\t\t\t\t<\/div>\n\t\t\t\t<\/div>\n\t\t\t\t<div class=\"elementor-element elementor-element-ac2297b elementor-widget elementor-widget-accordion\" data-id=\"ac2297b\" data-element_type=\"widget\" data-widget_type=\"accordion.default\">\n\t\t\t\t<div class=\"elementor-widget-container\">\n\t\t\t\t\t\t\t<div class=\"elementor-accordion\">\n\t\t\t\t\t\t\t<div class=\"elementor-accordion-item\">\n\t\t\t\t\t<div id=\"elementor-tab-title-1801\" class=\"elementor-tab-title\" data-tab=\"1\" role=\"button\" aria-controls=\"elementor-tab-content-1801\" aria-expanded=\"false\">\n\t\t\t\t\t\t\t\t\t\t\t\t\t<span class=\"elementor-accordion-icon elementor-accordion-icon-right\" aria-hidden=\"true\">\n\t\t\t\t\t\t\t\t\t\t\t\t\t\t\t<span class=\"elementor-accordion-icon-closed\"><i class=\"fas fa-angle-down\"><\/i><\/span>\n\t\t\t\t\t\t\t\t<span class=\"elementor-accordion-icon-opened\"><i class=\"fas fa-angle-up\"><\/i><\/span>\n\t\t\t\t\t\t\t\t\t\t\t\t\t\t<\/span>\n\t\t\t\t\t\t\t\t\t\t\t\t<a class=\"elementor-accordion-title\" tabindex=\"0\">ELLENJAVALLATOK:<\/a>\n\t\t\t\t\t<\/div>\n\t\t\t\t\t<div id=\"elementor-tab-content-1801\" class=\"elementor-tab-content elementor-clearfix\" data-tab=\"1\" role=\"region\" aria-labelledby=\"elementor-tab-title-1801\"><ul><li>pacemaker,\u00a0<\/li><li>sz\u00edv stentek,\u00a0<\/li><li>tromb\u00f3zis (v\u00e9rr\u00f6g\u00f6k a karokban vagy a l\u00e1bakban l\u00e9v\u0151 erekben),\u00a0<\/li><li>menstru\u00e1ci\u00f3,\u00a0<\/li><li>terhes n\u0151k.<\/li><\/ul><p>!<\/p><\/div>\n\t\t\t\t<\/div>\n\t\t\t\t\t\t\t\t<\/div>\n\t\t\t\t\t\t<\/div>\n\t\t\t\t<\/div>\n\t\t\t\t\t<\/div>\n\t\t<\/div>\n\t\t\t\t\t<\/div>\n\t\t<\/section>\n\t\t\t\t<\/div>\n\t\t","protected":false},"excerpt":{"rendered":"<p>Hogyan m\u0171k\u00f6dik? M\u0171k\u00f6d\u00e9s\u00e9nek elve a hagyom\u00e1nyos k\u00ednai orvosl\u00e1s meridi\u00e1njainak tanulm\u00e1nyoz\u00e1s\u00e1n alapul, amelynek f\u0151 szempontja a k\u00f6vetkez\u0151 kifejez\u00e9s: &#8222;ahol van permeabilit\u00e1s, ott nincs f\u00e1jdalom, ahol nincs permeabilit\u00e1s, ott f\u00e1jdalom jelentkezik&#8221;. Ebben az esetben nyilv\u00e1nval\u00f3, hogy az elz\u00e1r\u00f3d\u00e1s befoly\u00e1solja az \u00e9letfontoss\u00e1g\u00fa energia \u00e9s a v\u00e9rkering\u00e9st, annak a t\u00e9nynek k\u00f6sz\u00f6nhet\u0151, hogy stagn\u00e1l\u00e1s alakul ki, amelyek a f\u00e1jdalom oka. &hellip;<\/p>\n<p class=\"read-more\"> <a class=\"\" href=\"https:\/\/fohowterapia.hu\/index.php\/alapelv\/\"> <span class=\"screen-reader-text\">A g\u00e9p alapelve<\/span> Read More &raquo;<\/a><\/p>\n","protected":false},"author":1,"featured_media":0,"parent":0,"menu_order":0,"comment_status":"closed","ping_status":"closed","template":"","meta":{"site-sidebar-layout":"no-sidebar","site-content-layout":"page-builder","ast-site-content-layout":"","site-content-style":"default","site-sidebar-style":"default","ast-global-header-display":"","ast-banner-title-visibility":"","ast-main-header-display":"","ast-hfb-above-header-display":"","ast-hfb-below-header-display":"","ast-hfb-mobile-header-display":"","site-post-title":"disabled","ast-breadcrumbs-content":"","ast-featured-img":"disabled","footer-sml-layout":"","theme-transparent-header-meta":"default","adv-header-id-meta":"","stick-header-meta":"","header-above-stick-meta":"","header-main-stick-meta":"","header-below-stick-meta":"","astra-migrate-meta-layouts":"","ast-page-background-enabled":"default","ast-page-background-meta":{"desktop":{"background-color":"","background-image":"","background-repeat":"repeat","background-position":"center center","background-size":"auto","background-attachment":"scroll","background-type":"","background-media":"","overlay-type":"","overlay-color":"","overlay-gradient":""},"tablet":{"background-color":"","background-image":"","background-repeat":"repeat","background-position":"center center","background-size":"auto","background-attachment":"scroll","background-type":"","background-media":"","overlay-type":"","overlay-color":"","overlay-gradient":""},"mobile":{"background-color":"","background-image":"","background-repeat":"repeat","background-position":"center center","background-size":"auto","background-attachment":"scroll","background-type":"","background-media":"","overlay-type":"","overlay-color":"","overlay-gradient":""}},"ast-content-background-meta":{"desktop":{"background-color":"var(--ast-global-color-5)","background-image":"","background-repeat":"repeat","background-position":"center center","background-size":"auto","background-attachment":"scroll","background-type":"","background-media":"","overlay-type":"","overlay-color":"","overlay-gradient":""},"tablet":{"background-color":"var(--ast-global-color-5)","background-image":"","background-repeat":"repeat","background-position":"center center","background-size":"auto","background-attachment":"scroll","background-type":"","background-media":"","overlay-type":"","overlay-color":"","overlay-gradient":""},"mobile":{"background-color":"var(--ast-global-color-5)","background-image":"","background-repeat":"repeat","background-position":"center center","background-size":"auto","background-attachment":"scroll","background-type":"","background-media":"","overlay-type":"","overlay-color":"","overlay-gradient":""}},"footnotes":""},"class_list":["post-18","page","type-page","status-publish","hentry"],"_links":{"self":[{"href":"https:\/\/fohowterapia.hu\/index.php\/wp-json\/wp\/v2\/pages\/18"}],"collection":[{"href":"https:\/\/fohowterapia.hu\/index.php\/wp-json\/wp\/v2\/pages"}],"about":[{"href":"https:\/\/fohowterapia.hu\/index.php\/wp-json\/wp\/v2\/types\/page"}],"author":[{"embeddable":true,"href":"https:\/\/fohowterapia.hu\/index.php\/wp-json\/wp\/v2\/users\/1"}],"replies":[{"embeddable":true,"href":"https:\/\/fohowterapia.hu\/index.php\/wp-json\/wp\/v2\/comments?post=18"}],"version-history":[{"count":61,"href":"https:\/\/fohowterapia.hu\/index.php\/wp-json\/wp\/v2\/pages\/18\/revisions"}],"predecessor-version":[{"id":953,"href":"https:\/\/fohowterapia.hu\/index.php\/wp-json\/wp\/v2\/pages\/18\/revisions\/953"}],"wp:attachment":[{"href":"https:\/\/fohowterapia.hu\/index.php\/wp-json\/wp\/v2\/media?parent=18"}],"curies":[{"name":"wp","href":"https:\/\/api.w.org\/{rel}","templated":true}]}}